{"id":1308,"date":"2024-12-06T11:30:09","date_gmt":"2024-12-06T11:30:09","guid":{"rendered":"https:\/\/groupeprestige-mali.com\/?page_id=1308"},"modified":"2024-12-18T14:43:57","modified_gmt":"2024-12-18T14:43:57","slug":"maison-a-louer","status":"publish","type":"page","link":"https:\/\/groupeprestige-mali.com\/index.php\/maison-a-louer\/","title":{"rendered":"Maisons \u00e0 louer"},"content":{"rendered":"\t\t<div data-elementor-type=\"wp-page\" data-elementor-id=\"1308\" class=\"elementor elementor-1308\">\n\t\t\t\t<div class=\"elementor-element elementor-element-1086de5 e-flex e-con-boxed e-con e-parent\" data-id=\"1086de5\" data-element_type=\"container\" data-e-type=\"container\">\n\t\t\t\t\t<div class=\"e-con-inner\">\n\t\t\t\t<div class=\"elementor-element elementor-element-66d7c72 elementor-widget elementor-widget-heading\" data-id=\"66d7c72\" data-element_type=\"widget\" data-e-type=\"widget\" data-widget_type=\"heading.default\">\n\t\t\t\t<div class=\"elementor-widget-container\">\n\t\t\t\t\t<h2 class=\"elementor-heading-title elementor-size-default\">Trouver votre maison id\u00e9ale \u00e0 louer \u00e0 Bamako<\/h2>\t\t\t\t<\/div>\n\t\t\t\t<\/div>\n\t\t\t\t\t<\/div>\n\t\t\t\t<\/div>\n\t\t<div class=\"elementor-element elementor-element-b94a4f7 e-flex e-con-boxed e-con e-parent\" data-id=\"b94a4f7\" data-element_type=\"container\" data-e-type=\"container\">\n\t\t\t\t\t<div class=\"e-con-inner\">\n\t\t<div class=\"elementor-element elementor-element-a21b1fd e-con-full e-flex e-con e-child\" data-id=\"a21b1fd\" data-element_type=\"container\" data-e-type=\"container\">\n\t\t\t\t<div class=\"elementor-element elementor-element-ed0d487 elementor-widget elementor-widget-image\" data-id=\"ed0d487\" data-element_type=\"widget\" data-e-type=\"widget\" data-widget_type=\"image.default\">\n\t\t\t\t<div class=\"elementor-widget-container\">\n\t\t\t\t\t\t\t\t\t\t\t\t\t\t\t<img fetchpriority=\"high\" decoding=\"async\" width=\"533\" height=\"591\" src=\"https:\/\/groupeprestige-mali.com\/wp-content\/uploads\/2024\/12\/siege-site.png\" class=\"attachment-large size-large wp-image-1342\" alt=\"\" srcset=\"https:\/\/groupeprestige-mali.com\/wp-content\/uploads\/2024\/12\/siege-site.png 533w, https:\/\/groupeprestige-mali.com\/wp-content\/uploads\/2024\/12\/siege-site-271x300.png 271w\" sizes=\"(max-width: 533px) 100vw, 533px\" \/>\t\t\t\t\t\t\t\t\t\t\t\t\t\t\t<\/div>\n\t\t\t\t<\/div>\n\t\t\t\t<\/div>\n\t\t<div class=\"elementor-element elementor-element-5b39828 e-con-full e-flex e-con e-child\" data-id=\"5b39828\" data-element_type=\"container\" data-e-type=\"container\">\n\t\t\t\t<div class=\"elementor-element elementor-element-4425be7 elementor-widget elementor-widget-text-editor\" data-id=\"4425be7\" data-element_type=\"widget\" data-e-type=\"widget\" data-widget_type=\"text-editor.default\">\n\t\t\t\t<div class=\"elementor-widget-container\">\n\t\t\t\t\t\t\t\t\t<p data-pm-slice=\"1 1 []\">Vous cherchez une maison \u00e0 louer \u00e0 Bamako ? Notre \u00e9quipe est l\u00e0 pour vous accompagner \u00e0 chaque \u00e9tape et vous proposer des logements qui correspondent \u00e0 vos besoins. Que vous recherchiez une villa moderne, une maison familiale ou un logement dans un quartier strat\u00e9gique, nous avons ce qu\u2019il vous faut.<\/p>\t\t\t\t\t\t\t\t<\/div>\n\t\t\t\t<\/div>\n\t\t\t\t<\/div>\n\t\t\t\t\t<\/div>\n\t\t\t\t<\/div>\n\t\t<div class=\"elementor-element elementor-element-ce51711 e-flex e-con-boxed e-con e-parent\" data-id=\"ce51711\" data-element_type=\"container\" data-e-type=\"container\" data-settings=\"{&quot;background_background&quot;:&quot;classic&quot;,&quot;shape_divider_top&quot;:&quot;pyramids&quot;}\">\n\t\t\t\t\t<div class=\"e-con-inner\">\n\t\t\t\t<div class=\"elementor-shape elementor-shape-top\" aria-hidden=\"true\" data-negative=\"false\">\n\t\t\t<svg xmlns=\"http:\/\/www.w3.org\/2000\/svg\" viewBox=\"0 0 1000 100\" preserveAspectRatio=\"none\">\n\t<path class=\"elementor-shape-fill\" d=\"M761.9,44.1L643.1,27.2L333.8,98L0,3.8V0l1000,0v3.9\"\/>\n<\/svg>\t\t<\/div>\n\t\t\t\t<div class=\"elementor-element elementor-element-f502f15 elementor-widget elementor-widget-heading\" data-id=\"f502f15\" data-element_type=\"widget\" data-e-type=\"widget\" data-widget_type=\"heading.default\">\n\t\t\t\t<div class=\"elementor-widget-container\">\n\t\t\t\t\t<h2 class=\"elementor-heading-title elementor-size-default\">Pourquoi choisir nos service?<\/h2>\t\t\t\t<\/div>\n\t\t\t\t<\/div>\n\t\t\t\t\t<\/div>\n\t\t\t\t<\/div>\n\t\t<div class=\"elementor-element elementor-element-1efc0c4 e-flex e-con-boxed e-con e-parent\" data-id=\"1efc0c4\" data-element_type=\"container\" data-e-type=\"container\" data-settings=\"{&quot;shape_divider_top&quot;:&quot;curve&quot;}\">\n\t\t\t\t\t<div class=\"e-con-inner\">\n\t\t\t\t<div class=\"elementor-shape elementor-shape-top\" aria-hidden=\"true\" data-negative=\"false\">\n\t\t\t<svg xmlns=\"http:\/\/www.w3.org\/2000\/svg\" viewBox=\"0 0 1000 100\" preserveAspectRatio=\"none\">\n    <path class=\"elementor-shape-fill\" d=\"M1000,4.3V0H0v4.3C0.9,23.1,126.7,99.2,500,100S1000,22.7,1000,4.3z\"\/>\n<\/svg>\t\t<\/div>\n\t\t<div class=\"elementor-element elementor-element-a44864d e-con-full e-flex e-con e-child\" data-id=\"a44864d\" data-element_type=\"container\" data-e-type=\"container\">\n\t\t\t\t<div class=\"elementor-element elementor-element-c380457 elementor-widget elementor-widget-image\" data-id=\"c380457\" data-element_type=\"widget\" data-e-type=\"widget\" data-widget_type=\"image.default\">\n\t\t\t\t<div class=\"elementor-widget-container\">\n\t\t\t\t\t\t\t\t\t\t\t\t\t\t\t<img decoding=\"async\" width=\"826\" height=\"551\" src=\"https:\/\/groupeprestige-mali.com\/wp-content\/uploads\/2024\/12\/confiant-jeune-femme-affaires-regardant-camera_74855-4125.jpg\" class=\"attachment-large size-large wp-image-1357\" alt=\"\" srcset=\"https:\/\/groupeprestige-mali.com\/wp-content\/uploads\/2024\/12\/confiant-jeune-femme-affaires-regardant-camera_74855-4125.jpg 826w, https:\/\/groupeprestige-mali.com\/wp-content\/uploads\/2024\/12\/confiant-jeune-femme-affaires-regardant-camera_74855-4125-300x200.jpg 300w, https:\/\/groupeprestige-mali.com\/wp-content\/uploads\/2024\/12\/confiant-jeune-femme-affaires-regardant-camera_74855-4125-768x512.jpg 768w\" sizes=\"(max-width: 826px) 100vw, 826px\" \/>\t\t\t\t\t\t\t\t\t\t\t\t\t\t\t<\/div>\n\t\t\t\t<\/div>\n\t\t\t\t<\/div>\n\t\t<div class=\"elementor-element elementor-element-e633aeb e-con-full e-flex e-con e-child\" data-id=\"e633aeb\" data-element_type=\"container\" data-e-type=\"container\">\n\t\t\t\t<div class=\"elementor-element elementor-element-50f6b55 elementor-widget elementor-widget-text-editor\" data-id=\"50f6b55\" data-element_type=\"widget\" data-e-type=\"widget\" data-widget_type=\"text-editor.default\">\n\t\t\t\t<div class=\"elementor-widget-container\">\n\t\t\t\t\t\t\t\t\t<ul data-spread=\"false\" data-pm-slice=\"3 3 []\">\n<li>\n<p><strong>Expertise locale :<\/strong> Nous connaissons parfaitement les quartiers de Bamako et leurs particularit\u00e9s.<\/p>\n<\/li>\n<li>\n<p><strong>Accompagnement personnalis\u00e9 :<\/strong> Nous \u00e9coutons vos besoins et vous aidons \u00e0 trouver le logement parfait.<\/p>\n<\/li>\n<li>\n<p><strong>S\u00e9curit\u00e9 et transparence :<\/strong> Avec nous, chaque \u00e9tape est claire et fiable, de la visite \u00e0 la signature du contrat.<\/p>\n<\/li>\n<li>\n<p><strong>Service complet :<\/strong> Nous prenons en charge tous les aspects administratifs pour vous faciliter la vie.<\/p>\n<\/li>\n<\/ul>\t\t\t\t\t\t\t\t<\/div>\n\t\t\t\t<\/div>\n\t\t\t\t<\/div>\n\t\t\t\t\t<\/div>\n\t\t\t\t<\/div>\n\t\t<div class=\"elementor-element elementor-element-3d2f0bc e-flex e-con-boxed e-con e-parent\" data-id=\"3d2f0bc\" data-element_type=\"container\" data-e-type=\"container\" data-settings=\"{&quot;background_background&quot;:&quot;classic&quot;,&quot;shape_divider_top&quot;:&quot;mountains&quot;}\">\n\t\t\t\t\t<div class=\"e-con-inner\">\n\t\t\t\t<div class=\"elementor-shape elementor-shape-top\" aria-hidden=\"true\" data-negative=\"false\">\n\t\t\t<svg xmlns=\"http:\/\/www.w3.org\/2000\/svg\" viewBox=\"0 0 1000 100\" preserveAspectRatio=\"none\">\n\t<path class=\"elementor-shape-fill\" opacity=\"0.33\" d=\"M473,67.3c-203.9,88.3-263.1-34-320.3,0C66,119.1,0,59.7,0,59.7V0h1000v59.7 c0,0-62.1,26.1-94.9,29.3c-32.8,3.3-62.8-12.3-75.8-22.1C806,49.6,745.3,8.7,694.9,4.7S492.4,59,473,67.3z\"\/>\n\t<path class=\"elementor-shape-fill\" opacity=\"0.66\" d=\"M734,67.3c-45.5,0-77.2-23.2-129.1-39.1c-28.6-8.7-150.3-10.1-254,39.1 s-91.7-34.4-149.2,0C115.7,118.3,0,39.8,0,39.8V0h1000v36.5c0,0-28.2-18.5-92.1-18.5C810.2,18.1,775.7,67.3,734,67.3z\"\/>\n\t<path class=\"elementor-shape-fill\" d=\"M766.1,28.9c-200-57.5-266,65.5-395.1,19.5C242,1.8,242,5.4,184.8,20.6C128,35.8,132.3,44.9,89.9,52.5C28.6,63.7,0,0,0,0 h1000c0,0-9.9,40.9-83.6,48.1S829.6,47,766.1,28.9z\"\/>\n<\/svg>\t\t<\/div>\n\t\t<div class=\"elementor-element elementor-element-d200abf e-con-full e-flex e-con e-child\" data-id=\"d200abf\" data-element_type=\"container\" data-e-type=\"container\">\n\t\t\t\t<div class=\"elementor-element elementor-element-6d1af2c elementor-widget elementor-widget-heading\" data-id=\"6d1af2c\" data-element_type=\"widget\" data-e-type=\"widget\" data-widget_type=\"heading.default\">\n\t\t\t\t<div class=\"elementor-widget-container\">\n\t\t\t\t\t<h2 class=\"elementor-heading-title elementor-size-default\">Nos Garanties<\/h2>\t\t\t\t<\/div>\n\t\t\t\t<\/div>\n\t\t\t\t<div class=\"elementor-element elementor-element-339c052 elementor-widget elementor-widget-text-editor\" data-id=\"339c052\" data-element_type=\"widget\" data-e-type=\"widget\" data-widget_type=\"text-editor.default\">\n\t\t\t\t<div class=\"elementor-widget-container\">\n\t\t\t\t\t\t\t\t\t<ul data-spread=\"false\" data-pm-slice=\"3 3 []\">\n<li>\n<p><strong>Une s\u00e9lection rigoureuse<\/strong><\/p>\n<\/li>\n<li>\n<p><strong>Une s\u00e9curit\u00e9 financi\u00e8re<\/strong><\/p>\n<\/li>\n<li>\n<p><strong>Une prise en charge compl\u00e8te<\/strong><\/p>\n<\/li>\n<\/ul>\t\t\t\t\t\t\t\t<\/div>\n\t\t\t\t<\/div>\n\t\t\t\t<\/div>\n\t\t<div class=\"elementor-element elementor-element-a9c6068 e-con-full e-flex e-con e-child\" data-id=\"a9c6068\" data-element_type=\"container\" data-e-type=\"container\">\n\t\t\t\t<div class=\"elementor-element elementor-element-c4280b4 elementor-widget elementor-widget-heading\" data-id=\"c4280b4\" data-element_type=\"widget\" data-e-type=\"widget\" data-widget_type=\"heading.default\">\n\t\t\t\t<div class=\"elementor-widget-container\">\n\t\t\t\t\t<h2 class=\"elementor-heading-title elementor-size-default\">Comment \u00e7a marche?<\/h2>\t\t\t\t<\/div>\n\t\t\t\t<\/div>\n\t\t\t\t<div class=\"elementor-element elementor-element-1fa1383 elementor-widget elementor-widget-text-editor\" data-id=\"1fa1383\" data-element_type=\"widget\" data-e-type=\"widget\" data-widget_type=\"text-editor.default\">\n\t\t\t\t<div class=\"elementor-widget-container\">\n\t\t\t\t\t\t\t\t\t<ol start=\"1\" data-spread=\"false\" data-pm-slice=\"3 3 []\">\n<li>\n<p><b>Contactez-nous<\/b><\/p>\n<\/li>\n<li>\n<p><strong>Recevez nos propositions<\/strong><\/p>\n<\/li>\n<li>\n<p><strong>Visitez et choisissez<\/strong><\/p>\n<\/li>\n<li>\n<p><strong>Signez et emm\u00e9nagez&nbsp;<\/strong><\/p>\n<\/li>\n<\/ol>\t\t\t\t\t\t\t\t<\/div>\n\t\t\t\t<\/div>\n\t\t\t\t<\/div>\n\t\t<div class=\"elementor-element elementor-element-db0fe74 e-con-full e-flex e-con e-child\" data-id=\"db0fe74\" data-element_type=\"container\" data-e-type=\"container\">\n\t\t\t\t<div class=\"elementor-element elementor-element-14969f3 elementor-widget elementor-widget-heading\" data-id=\"14969f3\" data-element_type=\"widget\" data-e-type=\"widget\" data-widget_type=\"heading.default\">\n\t\t\t\t<div class=\"elementor-widget-container\">\n\t\t\t\t\t<h2 class=\"elementor-heading-title elementor-size-default\">Contactez-nous d\u00e8s maintenant<\/h2>\t\t\t\t<\/div>\n\t\t\t\t<\/div>\n\t\t\t\t<div class=\"elementor-element elementor-element-6d2c11c elementor-icon-list--layout-traditional elementor-list-item-link-full_width elementor-widget elementor-widget-icon-list\" data-id=\"6d2c11c\" data-element_type=\"widget\" data-e-type=\"widget\" data-widget_type=\"icon-list.default\">\n\t\t\t\t<div class=\"elementor-widget-container\">\n\t\t\t\t\t\t\t<ul class=\"elementor-icon-list-items\">\n\t\t\t\t\t\t\t<li class=\"elementor-icon-list-item\">\n\t\t\t\t\t\t\t\t\t\t\t<span class=\"elementor-icon-list-icon\">\n\t\t\t\t\t\t\t<i aria-hidden=\"true\" class=\"fas fa-phone-alt\"><\/i>\t\t\t\t\t\t<\/span>\n\t\t\t\t\t\t\t\t\t\t<span class=\"elementor-icon-list-text\">(+223) 74 00 33 33<\/span>\n\t\t\t\t\t\t\t\t\t<\/li>\n\t\t\t\t\t\t\t\t<li class=\"elementor-icon-list-item\">\n\t\t\t\t\t\t\t\t\t\t\t<span class=\"elementor-icon-list-icon\">\n\t\t\t\t\t\t\t<i aria-hidden=\"true\" class=\"fas fa-phone-alt\"><\/i>\t\t\t\t\t\t<\/span>\n\t\t\t\t\t\t\t\t\t\t<span class=\"elementor-icon-list-text\">(+223) 66 75 11 08<\/span>\n\t\t\t\t\t\t\t\t\t<\/li>\n\t\t\t\t\t\t\t\t<li class=\"elementor-icon-list-item\">\n\t\t\t\t\t\t\t\t\t\t\t<span class=\"elementor-icon-list-icon\">\n\t\t\t\t\t\t\t<i aria-hidden=\"true\" class=\"fas fa-phone-alt\"><\/i>\t\t\t\t\t\t<\/span>\n\t\t\t\t\t\t\t\t\t\t<span class=\"elementor-icon-list-text\">(+223) 66 75 11 09<\/span>\n\t\t\t\t\t\t\t\t\t<\/li>\n\t\t\t\t\t\t\t\t<li class=\"elementor-icon-list-item\">\n\t\t\t\t\t\t\t\t\t\t\t<span class=\"elementor-icon-list-icon\">\n\t\t\t\t\t\t\t<i aria-hidden=\"true\" class=\"fas fa-blender-phone\"><\/i>\t\t\t\t\t\t<\/span>\n\t\t\t\t\t\t\t\t\t\t<span class=\"elementor-icon-list-text\">(+223) 20 24 50 97<\/span>\n\t\t\t\t\t\t\t\t\t<\/li>\n\t\t\t\t\t\t<\/ul>\n\t\t\t\t\t\t<\/div>\n\t\t\t\t<\/div>\n\t\t\t\t<div class=\"elementor-element elementor-element-b9486b1 elementor-align-center elementor-widget elementor-widget-button\" data-id=\"b9486b1\" data-element_type=\"widget\" data-e-type=\"widget\" data-widget_type=\"button.default\">\n\t\t\t\t<div class=\"elementor-widget-container\">\n\t\t\t\t\t\t\t\t\t<div class=\"elementor-button-wrapper\">\n\t\t\t\t\t<a class=\"elementor-button elementor-button-link elementor-size-sm\" href=\"https:\/\/groupeprestige-mali.com\/index.php\/formulaire-de-contact\/\">\n\t\t\t\t\t\t<span class=\"elementor-button-content-wrapper\">\n\t\t\t\t\t\t\t\t\t<span class=\"elementor-button-text\">Envoyer un formulaire<\/span>\n\t\t\t\t\t<\/span>\n\t\t\t\t\t<\/a>\n\t\t\t\t<\/div>\n\t\t\t\t\t\t\t\t<\/div>\n\t\t\t\t<\/div>\n\t\t\t\t<\/div>\n\t\t\t\t\t<\/div>\n\t\t\t\t<\/div>\n\t\t\t\t<\/div>\n\t\t","protected":false},"excerpt":{"rendered":"<p>Trouver votre maison id\u00e9ale \u00e0 louer \u00e0 Bamako Vous cherchez une maison \u00e0 louer \u00e0 Bamako ? Notre \u00e9quipe est l\u00e0 pour vous accompagner \u00e0 chaque \u00e9tape et vous proposer des logements qui correspondent \u00e0 vos besoins. Que vous recherchiez une villa moderne, une maison familiale ou un logement dans un quartier strat\u00e9gique, nous avons [&hellip;]<\/p>\n","protected":false},"author":2,"featured_media":0,"parent":0,"menu_order":0,"comment_status":"closed","ping_status":"closed","template":"","meta":{"footnotes":""},"class_list":["post-1308","page","type-page","status-publish","hentry"],"blocksy_meta":[],"yoast_head":"<!-- This site is optimized with the Yoast SEO plugin v27.4 - https:\/\/yoast.com\/product\/yoast-seo-wordpress\/ -->\n<title>Maisons \u00e0 louer - Agence Immobili\u00e8re le Prestige<\/title>\n<meta name=\"robots\" content=\"index, follow, max-snippet:-1, max-image-preview:large, max-video-preview:-1\" \/>\n<link rel=\"canonical\" href=\"https:\/\/groupeprestige-mali.com\/index.php\/maison-a-louer\/\" \/>\n<meta property=\"og:locale\" content=\"fr_FR\" \/>\n<meta property=\"og:type\" content=\"article\" \/>\n<meta property=\"og:title\" content=\"Maisons \u00e0 louer - Agence Immobili\u00e8re le Prestige\" \/>\n<meta property=\"og:description\" content=\"Trouver votre maison id\u00e9ale \u00e0 louer \u00e0 Bamako Vous cherchez une maison \u00e0 louer \u00e0 Bamako ? Notre \u00e9quipe est l\u00e0 pour vous accompagner \u00e0 chaque \u00e9tape et vous proposer des logements qui correspondent \u00e0 vos besoins. Que vous recherchiez une villa moderne, une maison familiale ou un logement dans un quartier strat\u00e9gique, nous avons [&hellip;]\" \/>\n<meta property=\"og:url\" content=\"https:\/\/groupeprestige-mali.com\/index.php\/maison-a-louer\/\" \/>\n<meta property=\"og:site_name\" content=\"Agence Immobili\u00e8re le Prestige\" \/>\n<meta property=\"article:modified_time\" content=\"2024-12-18T14:43:57+00:00\" \/>\n<meta property=\"og:image\" content=\"https:\/\/groupeprestige-mali.com\/wp-content\/uploads\/2024\/12\/siege-site.png\" \/>\n<meta name=\"twitter:card\" content=\"summary_large_image\" \/>\n<meta name=\"twitter:label1\" content=\"Dur\u00e9e de lecture estim\u00e9e\" \/>\n\t<meta name=\"twitter:data1\" content=\"2 minutes\" \/>\n<script type=\"application\/ld+json\" class=\"yoast-schema-graph\">{\"@context\":\"https:\\\/\\\/schema.org\",\"@graph\":[{\"@type\":\"WebPage\",\"@id\":\"https:\\\/\\\/groupeprestige-mali.com\\\/index.php\\\/maison-a-louer\\\/\",\"url\":\"https:\\\/\\\/groupeprestige-mali.com\\\/index.php\\\/maison-a-louer\\\/\",\"name\":\"Maisons \u00e0 louer - Agence Immobili\u00e8re le Prestige\",\"isPartOf\":{\"@id\":\"https:\\\/\\\/groupeprestige-mali.com\\\/#website\"},\"primaryImageOfPage\":{\"@id\":\"https:\\\/\\\/groupeprestige-mali.com\\\/index.php\\\/maison-a-louer\\\/#primaryimage\"},\"image\":{\"@id\":\"https:\\\/\\\/groupeprestige-mali.com\\\/index.php\\\/maison-a-louer\\\/#primaryimage\"},\"thumbnailUrl\":\"https:\\\/\\\/groupeprestige-mali.com\\\/wp-content\\\/uploads\\\/2024\\\/12\\\/siege-site.png\",\"datePublished\":\"2024-12-06T11:30:09+00:00\",\"dateModified\":\"2024-12-18T14:43:57+00:00\",\"breadcrumb\":{\"@id\":\"https:\\\/\\\/groupeprestige-mali.com\\\/index.php\\\/maison-a-louer\\\/#breadcrumb\"},\"inLanguage\":\"fr-FR\",\"potentialAction\":[{\"@type\":\"ReadAction\",\"target\":[\"https:\\\/\\\/groupeprestige-mali.com\\\/index.php\\\/maison-a-louer\\\/\"]}]},{\"@type\":\"ImageObject\",\"inLanguage\":\"fr-FR\",\"@id\":\"https:\\\/\\\/groupeprestige-mali.com\\\/index.php\\\/maison-a-louer\\\/#primaryimage\",\"url\":\"https:\\\/\\\/groupeprestige-mali.com\\\/wp-content\\\/uploads\\\/2024\\\/12\\\/siege-site.png\",\"contentUrl\":\"https:\\\/\\\/groupeprestige-mali.com\\\/wp-content\\\/uploads\\\/2024\\\/12\\\/siege-site.png\",\"width\":533,\"height\":591},{\"@type\":\"BreadcrumbList\",\"@id\":\"https:\\\/\\\/groupeprestige-mali.com\\\/index.php\\\/maison-a-louer\\\/#breadcrumb\",\"itemListElement\":[{\"@type\":\"ListItem\",\"position\":1,\"name\":\"Accueil\",\"item\":\"https:\\\/\\\/groupeprestige-mali.com\\\/\"},{\"@type\":\"ListItem\",\"position\":2,\"name\":\"Maisons \u00e0 louer\"}]},{\"@type\":\"WebSite\",\"@id\":\"https:\\\/\\\/groupeprestige-mali.com\\\/#website\",\"url\":\"https:\\\/\\\/groupeprestige-mali.com\\\/\",\"name\":\"Agence Immobili\u00e8re le Prestige\",\"description\":\"L\u2019immobilier, un investissement s\u00fbr\",\"publisher\":{\"@id\":\"https:\\\/\\\/groupeprestige-mali.com\\\/#organization\"},\"potentialAction\":[{\"@type\":\"SearchAction\",\"target\":{\"@type\":\"EntryPoint\",\"urlTemplate\":\"https:\\\/\\\/groupeprestige-mali.com\\\/?s={search_term_string}\"},\"query-input\":{\"@type\":\"PropertyValueSpecification\",\"valueRequired\":true,\"valueName\":\"search_term_string\"}}],\"inLanguage\":\"fr-FR\"},{\"@type\":\"Organization\",\"@id\":\"https:\\\/\\\/groupeprestige-mali.com\\\/#organization\",\"name\":\"Agence Immobili\u00e8re le Prestige\",\"url\":\"https:\\\/\\\/groupeprestige-mali.com\\\/\",\"logo\":{\"@type\":\"ImageObject\",\"inLanguage\":\"fr-FR\",\"@id\":\"https:\\\/\\\/groupeprestige-mali.com\\\/#\\\/schema\\\/logo\\\/image\\\/\",\"url\":\"https:\\\/\\\/groupeprestige-mali.com\\\/wp-content\\\/uploads\\\/2023\\\/04\\\/AIP.png\",\"contentUrl\":\"https:\\\/\\\/groupeprestige-mali.com\\\/wp-content\\\/uploads\\\/2023\\\/04\\\/AIP.png\",\"width\":327,\"height\":333,\"caption\":\"Agence Immobili\u00e8re le Prestige\"},\"image\":{\"@id\":\"https:\\\/\\\/groupeprestige-mali.com\\\/#\\\/schema\\\/logo\\\/image\\\/\"}}]}<\/script>\n<!-- \/ Yoast SEO plugin. -->","yoast_head_json":{"title":"Maisons \u00e0 louer - Agence Immobili\u00e8re le Prestige","robots":{"index":"index","follow":"follow","max-snippet":"max-snippet:-1","max-image-preview":"max-image-preview:large","max-video-preview":"max-video-preview:-1"},"canonical":"https:\/\/groupeprestige-mali.com\/index.php\/maison-a-louer\/","og_locale":"fr_FR","og_type":"article","og_title":"Maisons \u00e0 louer - Agence Immobili\u00e8re le Prestige","og_description":"Trouver votre maison id\u00e9ale \u00e0 louer \u00e0 Bamako Vous cherchez une maison \u00e0 louer \u00e0 Bamako ? Notre \u00e9quipe est l\u00e0 pour vous accompagner \u00e0 chaque \u00e9tape et vous proposer des logements qui correspondent \u00e0 vos besoins. Que vous recherchiez une villa moderne, une maison familiale ou un logement dans un quartier strat\u00e9gique, nous avons [&hellip;]","og_url":"https:\/\/groupeprestige-mali.com\/index.php\/maison-a-louer\/","og_site_name":"Agence Immobili\u00e8re le Prestige","article_modified_time":"2024-12-18T14:43:57+00:00","og_image":[{"url":"https:\/\/groupeprestige-mali.com\/wp-content\/uploads\/2024\/12\/siege-site.png","type":"","width":"","height":""}],"twitter_card":"summary_large_image","twitter_misc":{"Dur\u00e9e de lecture estim\u00e9e":"2 minutes"},"schema":{"@context":"https:\/\/schema.org","@graph":[{"@type":"WebPage","@id":"https:\/\/groupeprestige-mali.com\/index.php\/maison-a-louer\/","url":"https:\/\/groupeprestige-mali.com\/index.php\/maison-a-louer\/","name":"Maisons \u00e0 louer - Agence Immobili\u00e8re le Prestige","isPartOf":{"@id":"https:\/\/groupeprestige-mali.com\/#website"},"primaryImageOfPage":{"@id":"https:\/\/groupeprestige-mali.com\/index.php\/maison-a-louer\/#primaryimage"},"image":{"@id":"https:\/\/groupeprestige-mali.com\/index.php\/maison-a-louer\/#primaryimage"},"thumbnailUrl":"https:\/\/groupeprestige-mali.com\/wp-content\/uploads\/2024\/12\/siege-site.png","datePublished":"2024-12-06T11:30:09+00:00","dateModified":"2024-12-18T14:43:57+00:00","breadcrumb":{"@id":"https:\/\/groupeprestige-mali.com\/index.php\/maison-a-louer\/#breadcrumb"},"inLanguage":"fr-FR","potentialAction":[{"@type":"ReadAction","target":["https:\/\/groupeprestige-mali.com\/index.php\/maison-a-louer\/"]}]},{"@type":"ImageObject","inLanguage":"fr-FR","@id":"https:\/\/groupeprestige-mali.com\/index.php\/maison-a-louer\/#primaryimage","url":"https:\/\/groupeprestige-mali.com\/wp-content\/uploads\/2024\/12\/siege-site.png","contentUrl":"https:\/\/groupeprestige-mali.com\/wp-content\/uploads\/2024\/12\/siege-site.png","width":533,"height":591},{"@type":"BreadcrumbList","@id":"https:\/\/groupeprestige-mali.com\/index.php\/maison-a-louer\/#breadcrumb","itemListElement":[{"@type":"ListItem","position":1,"name":"Accueil","item":"https:\/\/groupeprestige-mali.com\/"},{"@type":"ListItem","position":2,"name":"Maisons \u00e0 louer"}]},{"@type":"WebSite","@id":"https:\/\/groupeprestige-mali.com\/#website","url":"https:\/\/groupeprestige-mali.com\/","name":"Agence Immobili\u00e8re le Prestige","description":"L\u2019immobilier, un investissement s\u00fbr","publisher":{"@id":"https:\/\/groupeprestige-mali.com\/#organization"},"potentialAction":[{"@type":"SearchAction","target":{"@type":"EntryPoint","urlTemplate":"https:\/\/groupeprestige-mali.com\/?s={search_term_string}"},"query-input":{"@type":"PropertyValueSpecification","valueRequired":true,"valueName":"search_term_string"}}],"inLanguage":"fr-FR"},{"@type":"Organization","@id":"https:\/\/groupeprestige-mali.com\/#organization","name":"Agence Immobili\u00e8re le Prestige","url":"https:\/\/groupeprestige-mali.com\/","logo":{"@type":"ImageObject","inLanguage":"fr-FR","@id":"https:\/\/groupeprestige-mali.com\/#\/schema\/logo\/image\/","url":"https:\/\/groupeprestige-mali.com\/wp-content\/uploads\/2023\/04\/AIP.png","contentUrl":"https:\/\/groupeprestige-mali.com\/wp-content\/uploads\/2023\/04\/AIP.png","width":327,"height":333,"caption":"Agence Immobili\u00e8re le Prestige"},"image":{"@id":"https:\/\/groupeprestige-mali.com\/#\/schema\/logo\/image\/"}}]}},"_links":{"self":[{"href":"https:\/\/groupeprestige-mali.com\/index.php\/wp-json\/wp\/v2\/pages\/1308","targetHints":{"allow":["GET"]}}],"collection":[{"href":"https:\/\/groupeprestige-mali.com\/index.php\/wp-json\/wp\/v2\/pages"}],"about":[{"href":"https:\/\/groupeprestige-mali.com\/index.php\/wp-json\/wp\/v2\/types\/page"}],"author":[{"embeddable":true,"href":"https:\/\/groupeprestige-mali.com\/index.php\/wp-json\/wp\/v2\/users\/2"}],"replies":[{"embeddable":true,"href":"https:\/\/groupeprestige-mali.com\/index.php\/wp-json\/wp\/v2\/comments?post=1308"}],"version-history":[{"count":15,"href":"https:\/\/groupeprestige-mali.com\/index.php\/wp-json\/wp\/v2\/pages\/1308\/revisions"}],"predecessor-version":[{"id":1603,"href":"https:\/\/groupeprestige-mali.com\/index.php\/wp-json\/wp\/v2\/pages\/1308\/revisions\/1603"}],"wp:attachment":[{"href":"https:\/\/groupeprestige-mali.com\/index.php\/wp-json\/wp\/v2\/media?parent=1308"}],"curies":[{"name":"wp","href":"https:\/\/api.w.org\/{rel}","templated":true}]}}