{"id":1316,"date":"2024-12-06T12:15:01","date_gmt":"2024-12-06T12:15:01","guid":{"rendered":"https:\/\/groupeprestige-mali.com\/?page_id=1316"},"modified":"2024-12-16T10:59:36","modified_gmt":"2024-12-16T10:59:36","slug":"gestion-de-propriete","status":"publish","type":"page","link":"https:\/\/groupeprestige-mali.com\/index.php\/gestion-de-propriete\/","title":{"rendered":"Gestion Locative"},"content":{"rendered":"\t\t<div data-elementor-type=\"wp-page\" data-elementor-id=\"1316\" class=\"elementor elementor-1316\">\n\t\t\t\t<div class=\"elementor-element elementor-element-03bf81f e-flex e-con-boxed e-con e-parent\" data-id=\"03bf81f\" data-element_type=\"container\" data-e-type=\"container\">\n\t\t\t\t\t<div class=\"e-con-inner\">\n\t\t<div class=\"elementor-element elementor-element-2ee0786 e-con-full e-flex e-con e-child\" data-id=\"2ee0786\" data-element_type=\"container\" data-e-type=\"container\">\n\t\t\t\t<div class=\"elementor-element elementor-element-c45ab2f elementor-widget elementor-widget-heading\" data-id=\"c45ab2f\" data-element_type=\"widget\" data-e-type=\"widget\" data-widget_type=\"heading.default\">\n\t\t\t\t<div class=\"elementor-widget-container\">\n\t\t\t\t\t<h3 class=\"elementor-heading-title elementor-size-default\">C'est quoi la gestion locative ?<\/h3>\t\t\t\t<\/div>\n\t\t\t\t<\/div>\n\t\t\t\t<\/div>\n\t\t\t\t\t<\/div>\n\t\t\t\t<\/div>\n\t\t<div class=\"elementor-element elementor-element-8b59eed e-flex e-con-boxed e-con e-parent\" data-id=\"8b59eed\" data-element_type=\"container\" data-e-type=\"container\">\n\t\t\t\t\t<div class=\"e-con-inner\">\n\t\t\t\t<div class=\"elementor-element elementor-element-a465ea4 elementor-widget elementor-widget-text-editor\" data-id=\"a465ea4\" data-element_type=\"widget\" data-e-type=\"widget\" data-widget_type=\"text-editor.default\">\n\t\t\t\t<div class=\"elementor-widget-container\">\n\t\t\t\t\t\t\t\t\t<p>La gestion locative, c&rsquo;est s&rsquo;occuper de tout pour votre bien en location : trouver un locataire, g\u00e9rer les loyers, s&rsquo;assurer que tout est en ordre et s&rsquo;occuper des \u00e9ventuels soucis, pour vous offrir tranquillit\u00e9 et s\u00e9curit\u00e9.<\/p>\t\t\t\t\t\t\t\t<\/div>\n\t\t\t\t<\/div>\n\t\t\t\t<div class=\"elementor-element elementor-element-daac96b elementor-widget elementor-widget-heading\" data-id=\"daac96b\" data-element_type=\"widget\" data-e-type=\"widget\" data-widget_type=\"heading.default\">\n\t\t\t\t<div class=\"elementor-widget-container\">\n\t\t\t\t\t<h3 class=\"elementor-heading-title elementor-size-default\">Pourquoi travailler avec nous ?<\/h3>\t\t\t\t<\/div>\n\t\t\t\t<\/div>\n\t\t\t\t\t<\/div>\n\t\t\t\t<\/div>\n\t\t<div class=\"elementor-element elementor-element-edce9f8 e-flex e-con-boxed e-con e-parent\" data-id=\"edce9f8\" data-element_type=\"container\" data-e-type=\"container\">\n\t\t\t\t\t<div class=\"e-con-inner\">\n\t\t<div class=\"elementor-element elementor-element-27c1dfb e-con-full e-flex e-con e-child\" data-id=\"27c1dfb\" data-element_type=\"container\" data-e-type=\"container\">\n\t\t\t\t<div class=\"elementor-element elementor-element-a3fad13 elementor-arrows-position-inside elementor-widget elementor-widget-image-carousel\" data-id=\"a3fad13\" data-element_type=\"widget\" data-e-type=\"widget\" data-settings=\"{&quot;slides_to_show&quot;:&quot;4&quot;,&quot;navigation&quot;:&quot;arrows&quot;,&quot;autoplay&quot;:&quot;yes&quot;,&quot;pause_on_hover&quot;:&quot;yes&quot;,&quot;pause_on_interaction&quot;:&quot;yes&quot;,&quot;autoplay_speed&quot;:5000,&quot;infinite&quot;:&quot;yes&quot;,&quot;speed&quot;:500}\" data-widget_type=\"image-carousel.default\">\n\t\t\t\t<div class=\"elementor-widget-container\">\n\t\t\t\t\t\t\t<div class=\"elementor-image-carousel-wrapper swiper\" role=\"region\" aria-roledescription=\"carousel\" aria-label=\"Carrousel d\u2019images\" dir=\"ltr\">\n\t\t\t<div class=\"elementor-image-carousel swiper-wrapper\" aria-live=\"off\">\n\t\t\t\t\t\t\t\t<div class=\"swiper-slide\" role=\"group\" aria-roledescription=\"slide\" aria-label=\"1 sur 4\"><figure class=\"swiper-slide-inner\"><img class=\"swiper-slide-image lws-optimize-lazyload\"  alt=\"Un Gain de Temps\" \/ data-src=\"https:\/\/groupeprestige-mali.com\/wp-content\/uploads\/2024\/12\/Un-Gain-de-Temps-214x300.png\"><\/figure><\/div><div class=\"swiper-slide\" role=\"group\" aria-roledescription=\"slide\" aria-label=\"2 sur 4\"><figure class=\"swiper-slide-inner\"><img class=\"swiper-slide-image lws-optimize-lazyload\"  alt=\"un travail d&#039;equipe\" \/ data-src=\"https:\/\/groupeprestige-mali.com\/wp-content\/uploads\/2024\/12\/un-travail-dequipe-214x300.png\"><\/figure><\/div><div class=\"swiper-slide\" role=\"group\" aria-roledescription=\"slide\" aria-label=\"3 sur 4\"><figure class=\"swiper-slide-inner\"><img class=\"swiper-slide-image lws-optimize-lazyload\"  alt=\"UNE ASSURANCE\" \/ data-src=\"https:\/\/groupeprestige-mali.com\/wp-content\/uploads\/2024\/12\/UNE-ASSURANCE-214x300.png\"><\/figure><\/div><div class=\"swiper-slide\" role=\"group\" aria-roledescription=\"slide\" aria-label=\"4 sur 4\"><figure class=\"swiper-slide-inner\"><img class=\"swiper-slide-image lws-optimize-lazyload\"  alt=\"UNE TRANQUILITE D&#039;ESPRIT\" \/ data-src=\"https:\/\/groupeprestige-mali.com\/wp-content\/uploads\/2024\/12\/UNE-TRANQUILITE-DESPRIT-214x300.png\"><\/figure><\/div>\t\t\t<\/div>\n\t\t\t\t\t\t\t\t\t\t\t\t<div class=\"elementor-swiper-button elementor-swiper-button-prev\" role=\"button\" tabindex=\"0\">\n\t\t\t\t\t\t<i aria-hidden=\"true\" class=\"fas fa-caret-square-left\"><\/i>\t\t\t\t\t<\/div>\n\t\t\t\t\t<div class=\"elementor-swiper-button elementor-swiper-button-next\" role=\"button\" tabindex=\"0\">\n\t\t\t\t\t\t<i aria-hidden=\"true\" class=\"fas fa-caret-square-right\"><\/i>\t\t\t\t\t<\/div>\n\t\t\t\t\n\t\t\t\t\t\t\t\t\t<\/div>\n\t\t\t\t\t\t<\/div>\n\t\t\t\t<\/div>\n\t\t\t\t<\/div>\n\t\t\t\t<div class=\"elementor-element elementor-element-5ba9991 elementor-widget elementor-widget-image\" data-id=\"5ba9991\" data-element_type=\"widget\" data-e-type=\"widget\" data-widget_type=\"image.default\">\n\t\t\t\t<div class=\"elementor-widget-container\">\n\t\t\t\t\t\t\t\t\t\t\t\t\t\t\t<img fetchpriority=\"high\" width=\"900\" height=\"400\"  class=\"attachment-large size-large wp-image-1341 lws-optimize-lazyload\" alt=\"\" srcset=\"https:\/\/groupeprestige-mali.com\/wp-content\/uploads\/2024\/12\/Titibougou-sur-la-route-de-Koulikoro.png 900w, https:\/\/groupeprestige-mali.com\/wp-content\/uploads\/2024\/12\/Titibougou-sur-la-route-de-Koulikoro-300x133.png 300w, https:\/\/groupeprestige-mali.com\/wp-content\/uploads\/2024\/12\/Titibougou-sur-la-route-de-Koulikoro-768x341.png 768w\" sizes=\"(max-width: 900px) 100vw, 900px\" \/ data-src=\"https:\/\/groupeprestige-mali.com\/wp-content\/uploads\/2024\/12\/Titibougou-sur-la-route-de-Koulikoro.png\">\t\t\t\t\t\t\t\t\t\t\t\t\t\t\t<\/div>\n\t\t\t\t<\/div>\n\t\t\t\t\t<\/div>\n\t\t\t\t<\/div>\n\t\t<div class=\"elementor-element elementor-element-9ac9b09 e-flex e-con-boxed e-con e-parent\" data-id=\"9ac9b09\" data-element_type=\"container\" data-e-type=\"container\">\n\t\t\t\t\t<div class=\"e-con-inner\">\n\t\t<div class=\"elementor-element elementor-element-efaee47 e-con-full e-flex e-con e-child\" data-id=\"efaee47\" data-element_type=\"container\" data-e-type=\"container\">\n\t\t\t\t<div class=\"elementor-element elementor-element-23fb680 elementor-widget elementor-widget-image\" data-id=\"23fb680\" data-element_type=\"widget\" data-e-type=\"widget\" data-widget_type=\"image.default\">\n\t\t\t\t<div class=\"elementor-widget-container\">\n\t\t\t\t\t\t\t\t\t\t\t\t\t\t\t<img width=\"533\" height=\"591\"  class=\"attachment-large size-large wp-image-1342 lws-optimize-lazyload\" alt=\"\" srcset=\"https:\/\/groupeprestige-mali.com\/wp-content\/uploads\/2024\/12\/siege-site.png 533w, https:\/\/groupeprestige-mali.com\/wp-content\/uploads\/2024\/12\/siege-site-271x300.png 271w\" sizes=\"(max-width: 533px) 100vw, 533px\" \/ data-src=\"https:\/\/groupeprestige-mali.com\/wp-content\/uploads\/2024\/12\/siege-site.png\">\t\t\t\t\t\t\t\t\t\t\t\t\t\t\t<\/div>\n\t\t\t\t<\/div>\n\t\t\t\t<\/div>\n\t\t<div class=\"elementor-element elementor-element-81fc19e e-con-full e-flex e-con e-child\" data-id=\"81fc19e\" data-element_type=\"container\" data-e-type=\"container\">\n\t\t\t\t<div class=\"elementor-element elementor-element-8eb2772 elementor-icon-list--layout-traditional elementor-list-item-link-full_width elementor-widget elementor-widget-icon-list\" data-id=\"8eb2772\" data-element_type=\"widget\" data-e-type=\"widget\" data-widget_type=\"icon-list.default\">\n\t\t\t\t<div class=\"elementor-widget-container\">\n\t\t\t\t\t\t\t<ul class=\"elementor-icon-list-items\">\n\t\t\t\t\t\t\t<li class=\"elementor-icon-list-item\">\n\t\t\t\t\t\t\t\t\t\t\t<span class=\"elementor-icon-list-icon\">\n\t\t\t\t\t\t\t<i aria-hidden=\"true\" class=\"fas fa-check-double\"><\/i>\t\t\t\t\t\t<\/span>\n\t\t\t\t\t\t\t\t\t\t<span class=\"elementor-icon-list-text\">Suivi du Locataire<\/span>\n\t\t\t\t\t\t\t\t\t<\/li>\n\t\t\t\t\t\t\t\t<li class=\"elementor-icon-list-item\">\n\t\t\t\t\t\t\t\t\t\t\t<span class=\"elementor-icon-list-icon\">\n\t\t\t\t\t\t\t<i aria-hidden=\"true\" class=\"fas fa-check-double\"><\/i>\t\t\t\t\t\t<\/span>\n\t\t\t\t\t\t\t\t\t\t<span class=\"elementor-icon-list-text\">Assurer la gestion administrative<\/span>\n\t\t\t\t\t\t\t\t\t<\/li>\n\t\t\t\t\t\t\t\t<li class=\"elementor-icon-list-item\">\n\t\t\t\t\t\t\t\t\t\t\t<span class=\"elementor-icon-list-icon\">\n\t\t\t\t\t\t\t<i aria-hidden=\"true\" class=\"fas fa-check-double\"><\/i>\t\t\t\t\t\t<\/span>\n\t\t\t\t\t\t\t\t\t\t<span class=\"elementor-icon-list-text\">G\u00e9rer l\u2019aspect financier<\/span>\n\t\t\t\t\t\t\t\t\t<\/li>\n\t\t\t\t\t\t\t\t<li class=\"elementor-icon-list-item\">\n\t\t\t\t\t\t\t\t\t\t\t<span class=\"elementor-icon-list-icon\">\n\t\t\t\t\t\t\t<i aria-hidden=\"true\" class=\"fas fa-check-double\"><\/i>\t\t\t\t\t\t<\/span>\n\t\t\t\t\t\t\t\t\t\t<span class=\"elementor-icon-list-text\"> Vous accompagner dans la gestion technique<\/span>\n\t\t\t\t\t\t\t\t\t<\/li>\n\t\t\t\t\t\t\t\t<li class=\"elementor-icon-list-item\">\n\t\t\t\t\t\t\t\t\t\t\t<span class=\"elementor-icon-list-icon\">\n\t\t\t\t\t\t\t<i aria-hidden=\"true\" class=\"fas fa-check-double\"><\/i>\t\t\t\t\t\t<\/span>\n\t\t\t\t\t\t\t\t\t\t<span class=\"elementor-icon-list-text\">Nos services compl\u00e9mentaires<\/span>\n\t\t\t\t\t\t\t\t\t<\/li>\n\t\t\t\t\t\t\t\t<li class=\"elementor-icon-list-item\">\n\t\t\t\t\t\t\t\t\t\t\t<span class=\"elementor-icon-list-icon\">\n\t\t\t\t\t\t\t<i aria-hidden=\"true\" class=\"fas fa-check-double\"><\/i>\t\t\t\t\t\t<\/span>\n\t\t\t\t\t\t\t\t\t\t<span class=\"elementor-icon-list-text\">Etc.<\/span>\n\t\t\t\t\t\t\t\t\t<\/li>\n\t\t\t\t\t\t<\/ul>\n\t\t\t\t\t\t<\/div>\n\t\t\t\t<\/div>\n\t\t\t\t<\/div>\n\t\t\t\t\t<\/div>\n\t\t\t\t<\/div>\n\t\t<div class=\"elementor-element elementor-element-f0054a7 e-flex e-con-boxed e-con e-parent\" data-id=\"f0054a7\" data-element_type=\"container\" data-e-type=\"container\" data-settings=\"{&quot;background_background&quot;:&quot;classic&quot;}\">\n\t\t\t\t\t<div class=\"e-con-inner\">\n\t\t<div class=\"elementor-element elementor-element-30d83a5 e-con-full e-flex e-con e-child\" data-id=\"30d83a5\" data-element_type=\"container\" data-e-type=\"container\">\n\t\t\t\t<div class=\"elementor-element elementor-element-018d507 elementor-widget elementor-widget-text-editor\" data-id=\"018d507\" data-element_type=\"widget\" data-e-type=\"widget\" data-widget_type=\"text-editor.default\">\n\t\t\t\t<div class=\"elementor-widget-container\">\n\t\t\t\t\t\t\t\t\t<p>Vous souhaitez faire g\u00e9rer votre bien?<\/p>\t\t\t\t\t\t\t\t<\/div>\n\t\t\t\t<\/div>\n\t\t\t\t<div class=\"elementor-element elementor-element-3b47d2e elementor-widget elementor-widget-text-editor\" data-id=\"3b47d2e\" data-element_type=\"widget\" data-e-type=\"widget\" data-widget_type=\"text-editor.default\">\n\t\t\t\t<div class=\"elementor-widget-container\">\n\t\t\t\t\t\t\t\t\t<p>Contactez-nous<\/p>\t\t\t\t\t\t\t\t<\/div>\n\t\t\t\t<\/div>\n\t\t<div class=\"elementor-element elementor-element-b3f613f e-con-full e-flex e-con e-child\" data-id=\"b3f613f\" data-element_type=\"container\" data-e-type=\"container\">\n\t\t\t\t<div class=\"elementor-element elementor-element-8b06ece elementor-align-center elementor-icon-list--layout-traditional elementor-list-item-link-full_width elementor-widget elementor-widget-icon-list\" data-id=\"8b06ece\" data-element_type=\"widget\" data-e-type=\"widget\" data-widget_type=\"icon-list.default\">\n\t\t\t\t<div class=\"elementor-widget-container\">\n\t\t\t\t\t\t\t<ul class=\"elementor-icon-list-items\">\n\t\t\t\t\t\t\t<li class=\"elementor-icon-list-item\">\n\t\t\t\t\t\t\t\t\t\t\t<span class=\"elementor-icon-list-icon\">\n\t\t\t\t\t\t\t<i aria-hidden=\"true\" class=\"fas fa-phone-alt\"><\/i>\t\t\t\t\t\t<\/span>\n\t\t\t\t\t\t\t\t\t\t<span class=\"elementor-icon-list-text\">(+223) 74 00 33 33<\/span>\n\t\t\t\t\t\t\t\t\t<\/li>\n\t\t\t\t\t\t\t\t<li class=\"elementor-icon-list-item\">\n\t\t\t\t\t\t\t\t\t\t\t<span class=\"elementor-icon-list-icon\">\n\t\t\t\t\t\t\t<i aria-hidden=\"true\" class=\"fas fa-phone-alt\"><\/i>\t\t\t\t\t\t<\/span>\n\t\t\t\t\t\t\t\t\t\t<span class=\"elementor-icon-list-text\">(+223) 66 75 11 08<\/span>\n\t\t\t\t\t\t\t\t\t<\/li>\n\t\t\t\t\t\t\t\t<li class=\"elementor-icon-list-item\">\n\t\t\t\t\t\t\t\t\t\t\t<span class=\"elementor-icon-list-icon\">\n\t\t\t\t\t\t\t<i aria-hidden=\"true\" class=\"fas fa-phone-alt\"><\/i>\t\t\t\t\t\t<\/span>\n\t\t\t\t\t\t\t\t\t\t<span class=\"elementor-icon-list-text\">(+223) 66 75 11 09<\/span>\n\t\t\t\t\t\t\t\t\t<\/li>\n\t\t\t\t\t\t\t\t<li class=\"elementor-icon-list-item\">\n\t\t\t\t\t\t\t\t\t\t\t<span class=\"elementor-icon-list-icon\">\n\t\t\t\t\t\t\t<i aria-hidden=\"true\" class=\"fas fa-blender-phone\"><\/i>\t\t\t\t\t\t<\/span>\n\t\t\t\t\t\t\t\t\t\t<span class=\"elementor-icon-list-text\">(+223) 20 24 50 97<\/span>\n\t\t\t\t\t\t\t\t\t<\/li>\n\t\t\t\t\t\t<\/ul>\n\t\t\t\t\t\t<\/div>\n\t\t\t\t<\/div>\n\t\t\t\t<\/div>\n\t\t\t\t<\/div>\n\t\t<div class=\"elementor-element elementor-element-c86f501 e-con-full e-flex e-con e-child\" data-id=\"c86f501\" data-element_type=\"container\" data-e-type=\"container\">\n\t\t\t\t<div class=\"elementor-element elementor-element-dd16cbf elementor-widget elementor-widget-heading\" data-id=\"dd16cbf\" data-element_type=\"widget\" data-e-type=\"widget\" data-widget_type=\"heading.default\">\n\t\t\t\t<div class=\"elementor-widget-container\">\n\t\t\t\t\t<h2 class=\"elementor-heading-title elementor-size-default\">Parlez \u00e0 un agent en envoyant un message via le formulaire de contact.<\/h2>\t\t\t\t<\/div>\n\t\t\t\t<\/div>\n\t\t\t\t<div class=\"elementor-element elementor-element-a01f324 elementor-align-center elementor-widget elementor-widget-button\" data-id=\"a01f324\" data-element_type=\"widget\" data-e-type=\"widget\" data-widget_type=\"button.default\">\n\t\t\t\t<div class=\"elementor-widget-container\">\n\t\t\t\t\t\t\t\t\t<div class=\"elementor-button-wrapper\">\n\t\t\t\t\t<a class=\"elementor-button elementor-button-link elementor-size-sm elementor-animation-grow\" href=\"https:\/\/groupeprestige-mali.com\/index.php\/formulaire-de-contact\/\">\n\t\t\t\t\t\t<span class=\"elementor-button-content-wrapper\">\n\t\t\t\t\t\t\t\t\t<span class=\"elementor-button-text\">Envoyer un Message<\/span>\n\t\t\t\t\t<\/span>\n\t\t\t\t\t<\/a>\n\t\t\t\t<\/div>\n\t\t\t\t\t\t\t\t<\/div>\n\t\t\t\t<\/div>\n\t\t\t\t<\/div>\n\t\t\t\t\t<\/div>\n\t\t\t\t<\/div>\n\t\t\t\t<\/div>\n\t\t","protected":false},"excerpt":{"rendered":"<p>C&rsquo;est quoi la gestion locative ? La gestion locative, c&rsquo;est s&rsquo;occuper de tout pour votre bien en location : trouver un locataire, g\u00e9rer les loyers, s&rsquo;assurer que tout est en ordre et s&rsquo;occuper des \u00e9ventuels soucis, pour vous offrir tranquillit\u00e9 et s\u00e9curit\u00e9. Pourquoi travailler avec nous ? Suivi du Locataire Assurer la gestion administrative G\u00e9rer [&hellip;]<\/p>\n","protected":false},"author":2,"featured_media":0,"parent":0,"menu_order":0,"comment_status":"closed","ping_status":"closed","template":"","meta":{"footnotes":""},"class_list":["post-1316","page","type-page","status-publish","hentry"],"blocksy_meta":[],"yoast_head":"<!-- This site is optimized with the Yoast SEO plugin v27.4 - https:\/\/yoast.com\/product\/yoast-seo-wordpress\/ -->\n<title>Gestion Locative - Agence Immobili\u00e8re le Prestige<\/title>\n<meta name=\"robots\" content=\"index, follow, max-snippet:-1, max-image-preview:large, max-video-preview:-1\" \/>\n<link rel=\"canonical\" href=\"https:\/\/groupeprestige-mali.com\/index.php\/gestion-de-propriete\/\" \/>\n<meta property=\"og:locale\" content=\"fr_FR\" \/>\n<meta property=\"og:type\" content=\"article\" \/>\n<meta property=\"og:title\" content=\"Gestion Locative - Agence Immobili\u00e8re le Prestige\" \/>\n<meta property=\"og:description\" content=\"C&rsquo;est quoi la gestion locative ? La gestion locative, c&rsquo;est s&rsquo;occuper de tout pour votre bien en location : trouver un locataire, g\u00e9rer les loyers, s&rsquo;assurer que tout est en ordre et s&rsquo;occuper des \u00e9ventuels soucis, pour vous offrir tranquillit\u00e9 et s\u00e9curit\u00e9. Pourquoi travailler avec nous ? Suivi du Locataire Assurer la gestion administrative G\u00e9rer [&hellip;]\" \/>\n<meta property=\"og:url\" content=\"https:\/\/groupeprestige-mali.com\/index.php\/gestion-de-propriete\/\" \/>\n<meta property=\"og:site_name\" content=\"Agence Immobili\u00e8re le Prestige\" \/>\n<meta property=\"article:modified_time\" content=\"2024-12-16T10:59:36+00:00\" \/>\n<meta property=\"og:image\" content=\"https:\/\/groupeprestige-mali.com\/wp-content\/uploads\/2024\/12\/Un-Gain-de-Temps-214x300.png\" \/>\n<meta name=\"twitter:card\" content=\"summary_large_image\" \/>\n<meta name=\"twitter:label1\" content=\"Dur\u00e9e de lecture estim\u00e9e\" \/>\n\t<meta name=\"twitter:data1\" content=\"3 minutes\" \/>\n<script type=\"application\/ld+json\" class=\"yoast-schema-graph\">{\"@context\":\"https:\\\/\\\/schema.org\",\"@graph\":[{\"@type\":\"WebPage\",\"@id\":\"https:\\\/\\\/groupeprestige-mali.com\\\/index.php\\\/gestion-de-propriete\\\/\",\"url\":\"https:\\\/\\\/groupeprestige-mali.com\\\/index.php\\\/gestion-de-propriete\\\/\",\"name\":\"Gestion Locative - Agence Immobili\u00e8re le Prestige\",\"isPartOf\":{\"@id\":\"https:\\\/\\\/groupeprestige-mali.com\\\/#website\"},\"primaryImageOfPage\":{\"@id\":\"https:\\\/\\\/groupeprestige-mali.com\\\/index.php\\\/gestion-de-propriete\\\/#primaryimage\"},\"image\":{\"@id\":\"https:\\\/\\\/groupeprestige-mali.com\\\/index.php\\\/gestion-de-propriete\\\/#primaryimage\"},\"thumbnailUrl\":\"https:\\\/\\\/groupeprestige-mali.com\\\/wp-content\\\/uploads\\\/2024\\\/12\\\/Un-Gain-de-Temps-214x300.png\",\"datePublished\":\"2024-12-06T12:15:01+00:00\",\"dateModified\":\"2024-12-16T10:59:36+00:00\",\"breadcrumb\":{\"@id\":\"https:\\\/\\\/groupeprestige-mali.com\\\/index.php\\\/gestion-de-propriete\\\/#breadcrumb\"},\"inLanguage\":\"fr-FR\",\"potentialAction\":[{\"@type\":\"ReadAction\",\"target\":[\"https:\\\/\\\/groupeprestige-mali.com\\\/index.php\\\/gestion-de-propriete\\\/\"]}]},{\"@type\":\"ImageObject\",\"inLanguage\":\"fr-FR\",\"@id\":\"https:\\\/\\\/groupeprestige-mali.com\\\/index.php\\\/gestion-de-propriete\\\/#primaryimage\",\"url\":\"https:\\\/\\\/groupeprestige-mali.com\\\/wp-content\\\/uploads\\\/2024\\\/12\\\/Un-Gain-de-Temps.png\",\"contentUrl\":\"https:\\\/\\\/groupeprestige-mali.com\\\/wp-content\\\/uploads\\\/2024\\\/12\\\/Un-Gain-de-Temps.png\",\"width\":500,\"height\":700},{\"@type\":\"BreadcrumbList\",\"@id\":\"https:\\\/\\\/groupeprestige-mali.com\\\/index.php\\\/gestion-de-propriete\\\/#breadcrumb\",\"itemListElement\":[{\"@type\":\"ListItem\",\"position\":1,\"name\":\"Accueil\",\"item\":\"https:\\\/\\\/groupeprestige-mali.com\\\/\"},{\"@type\":\"ListItem\",\"position\":2,\"name\":\"Gestion Locative\"}]},{\"@type\":\"WebSite\",\"@id\":\"https:\\\/\\\/groupeprestige-mali.com\\\/#website\",\"url\":\"https:\\\/\\\/groupeprestige-mali.com\\\/\",\"name\":\"Agence Immobili\u00e8re le Prestige\",\"description\":\"L\u2019immobilier, un investissement s\u00fbr\",\"publisher\":{\"@id\":\"https:\\\/\\\/groupeprestige-mali.com\\\/#organization\"},\"potentialAction\":[{\"@type\":\"SearchAction\",\"target\":{\"@type\":\"EntryPoint\",\"urlTemplate\":\"https:\\\/\\\/groupeprestige-mali.com\\\/?s={search_term_string}\"},\"query-input\":{\"@type\":\"PropertyValueSpecification\",\"valueRequired\":true,\"valueName\":\"search_term_string\"}}],\"inLanguage\":\"fr-FR\"},{\"@type\":\"Organization\",\"@id\":\"https:\\\/\\\/groupeprestige-mali.com\\\/#organization\",\"name\":\"Agence Immobili\u00e8re le Prestige\",\"url\":\"https:\\\/\\\/groupeprestige-mali.com\\\/\",\"logo\":{\"@type\":\"ImageObject\",\"inLanguage\":\"fr-FR\",\"@id\":\"https:\\\/\\\/groupeprestige-mali.com\\\/#\\\/schema\\\/logo\\\/image\\\/\",\"url\":\"https:\\\/\\\/groupeprestige-mali.com\\\/wp-content\\\/uploads\\\/2023\\\/04\\\/AIP.png\",\"contentUrl\":\"https:\\\/\\\/groupeprestige-mali.com\\\/wp-content\\\/uploads\\\/2023\\\/04\\\/AIP.png\",\"width\":327,\"height\":333,\"caption\":\"Agence Immobili\u00e8re le Prestige\"},\"image\":{\"@id\":\"https:\\\/\\\/groupeprestige-mali.com\\\/#\\\/schema\\\/logo\\\/image\\\/\"}}]}<\/script>\n<!-- \/ Yoast SEO plugin. -->","yoast_head_json":{"title":"Gestion Locative - Agence Immobili\u00e8re le Prestige","robots":{"index":"index","follow":"follow","max-snippet":"max-snippet:-1","max-image-preview":"max-image-preview:large","max-video-preview":"max-video-preview:-1"},"canonical":"https:\/\/groupeprestige-mali.com\/index.php\/gestion-de-propriete\/","og_locale":"fr_FR","og_type":"article","og_title":"Gestion Locative - Agence Immobili\u00e8re le Prestige","og_description":"C&rsquo;est quoi la gestion locative ? La gestion locative, c&rsquo;est s&rsquo;occuper de tout pour votre bien en location : trouver un locataire, g\u00e9rer les loyers, s&rsquo;assurer que tout est en ordre et s&rsquo;occuper des \u00e9ventuels soucis, pour vous offrir tranquillit\u00e9 et s\u00e9curit\u00e9. Pourquoi travailler avec nous ? Suivi du Locataire Assurer la gestion administrative G\u00e9rer [&hellip;]","og_url":"https:\/\/groupeprestige-mali.com\/index.php\/gestion-de-propriete\/","og_site_name":"Agence Immobili\u00e8re le Prestige","article_modified_time":"2024-12-16T10:59:36+00:00","og_image":[{"url":"https:\/\/groupeprestige-mali.com\/wp-content\/uploads\/2024\/12\/Un-Gain-de-Temps-214x300.png","type":"","width":"","height":""}],"twitter_card":"summary_large_image","twitter_misc":{"Dur\u00e9e de lecture estim\u00e9e":"3 minutes"},"schema":{"@context":"https:\/\/schema.org","@graph":[{"@type":"WebPage","@id":"https:\/\/groupeprestige-mali.com\/index.php\/gestion-de-propriete\/","url":"https:\/\/groupeprestige-mali.com\/index.php\/gestion-de-propriete\/","name":"Gestion Locative - Agence Immobili\u00e8re le Prestige","isPartOf":{"@id":"https:\/\/groupeprestige-mali.com\/#website"},"primaryImageOfPage":{"@id":"https:\/\/groupeprestige-mali.com\/index.php\/gestion-de-propriete\/#primaryimage"},"image":{"@id":"https:\/\/groupeprestige-mali.com\/index.php\/gestion-de-propriete\/#primaryimage"},"thumbnailUrl":"https:\/\/groupeprestige-mali.com\/wp-content\/uploads\/2024\/12\/Un-Gain-de-Temps-214x300.png","datePublished":"2024-12-06T12:15:01+00:00","dateModified":"2024-12-16T10:59:36+00:00","breadcrumb":{"@id":"https:\/\/groupeprestige-mali.com\/index.php\/gestion-de-propriete\/#breadcrumb"},"inLanguage":"fr-FR","potentialAction":[{"@type":"ReadAction","target":["https:\/\/groupeprestige-mali.com\/index.php\/gestion-de-propriete\/"]}]},{"@type":"ImageObject","inLanguage":"fr-FR","@id":"https:\/\/groupeprestige-mali.com\/index.php\/gestion-de-propriete\/#primaryimage","url":"https:\/\/groupeprestige-mali.com\/wp-content\/uploads\/2024\/12\/Un-Gain-de-Temps.png","contentUrl":"https:\/\/groupeprestige-mali.com\/wp-content\/uploads\/2024\/12\/Un-Gain-de-Temps.png","width":500,"height":700},{"@type":"BreadcrumbList","@id":"https:\/\/groupeprestige-mali.com\/index.php\/gestion-de-propriete\/#breadcrumb","itemListElement":[{"@type":"ListItem","position":1,"name":"Accueil","item":"https:\/\/groupeprestige-mali.com\/"},{"@type":"ListItem","position":2,"name":"Gestion Locative"}]},{"@type":"WebSite","@id":"https:\/\/groupeprestige-mali.com\/#website","url":"https:\/\/groupeprestige-mali.com\/","name":"Agence Immobili\u00e8re le Prestige","description":"L\u2019immobilier, un investissement s\u00fbr","publisher":{"@id":"https:\/\/groupeprestige-mali.com\/#organization"},"potentialAction":[{"@type":"SearchAction","target":{"@type":"EntryPoint","urlTemplate":"https:\/\/groupeprestige-mali.com\/?s={search_term_string}"},"query-input":{"@type":"PropertyValueSpecification","valueRequired":true,"valueName":"search_term_string"}}],"inLanguage":"fr-FR"},{"@type":"Organization","@id":"https:\/\/groupeprestige-mali.com\/#organization","name":"Agence Immobili\u00e8re le Prestige","url":"https:\/\/groupeprestige-mali.com\/","logo":{"@type":"ImageObject","inLanguage":"fr-FR","@id":"https:\/\/groupeprestige-mali.com\/#\/schema\/logo\/image\/","url":"https:\/\/groupeprestige-mali.com\/wp-content\/uploads\/2023\/04\/AIP.png","contentUrl":"https:\/\/groupeprestige-mali.com\/wp-content\/uploads\/2023\/04\/AIP.png","width":327,"height":333,"caption":"Agence Immobili\u00e8re le Prestige"},"image":{"@id":"https:\/\/groupeprestige-mali.com\/#\/schema\/logo\/image\/"}}]}},"_links":{"self":[{"href":"https:\/\/groupeprestige-mali.com\/index.php\/wp-json\/wp\/v2\/pages\/1316","targetHints":{"allow":["GET"]}}],"collection":[{"href":"https:\/\/groupeprestige-mali.com\/index.php\/wp-json\/wp\/v2\/pages"}],"about":[{"href":"https:\/\/groupeprestige-mali.com\/index.php\/wp-json\/wp\/v2\/types\/page"}],"author":[{"embeddable":true,"href":"https:\/\/groupeprestige-mali.com\/index.php\/wp-json\/wp\/v2\/users\/2"}],"replies":[{"embeddable":true,"href":"https:\/\/groupeprestige-mali.com\/index.php\/wp-json\/wp\/v2\/comments?post=1316"}],"version-history":[{"count":14,"href":"https:\/\/groupeprestige-mali.com\/index.php\/wp-json\/wp\/v2\/pages\/1316\/revisions"}],"predecessor-version":[{"id":1374,"href":"https:\/\/groupeprestige-mali.com\/index.php\/wp-json\/wp\/v2\/pages\/1316\/revisions\/1374"}],"wp:attachment":[{"href":"https:\/\/groupeprestige-mali.com\/index.php\/wp-json\/wp\/v2\/media?parent=1316"}],"curies":[{"name":"wp","href":"https:\/\/api.w.org\/{rel}","templated":true}]}}