{"id":1403,"date":"2024-12-16T15:40:09","date_gmt":"2024-12-16T15:40:09","guid":{"rendered":"https:\/\/groupeprestige-mali.com\/?page_id=1403"},"modified":"2024-12-16T16:22:21","modified_gmt":"2024-12-16T16:22:21","slug":"autres-services","status":"publish","type":"page","link":"https:\/\/groupeprestige-mali.com\/index.php\/autres-services\/","title":{"rendered":"Autres services"},"content":{"rendered":"\t\t<div data-elementor-type=\"wp-page\" data-elementor-id=\"1403\" class=\"elementor elementor-1403\">\n\t\t\t\t<div class=\"elementor-element elementor-element-cedd4c4 e-flex e-con-boxed wpr-particle-no wpr-jarallax-no wpr-parallax-no wpr-sticky-section-no wpr-equal-height-no e-con e-parent\" data-id=\"cedd4c4\" data-element_type=\"container\" data-e-type=\"container\">\n\t\t\t\t\t<div class=\"e-con-inner\">\n\t\t\t\t<div class=\"elementor-element elementor-element-88d9982 elementor-widget elementor-widget-heading\" data-id=\"88d9982\" data-element_type=\"widget\" data-e-type=\"widget\" data-widget_type=\"heading.default\">\n\t\t\t\t<div class=\"elementor-widget-container\">\n\t\t\t\t\t<h2 class=\"elementor-heading-title elementor-size-default\">Notre agence immobili\u00e8re va au-del\u00e0 de la construction de la Cit\u00e9 Prestige. Nous proposons \u00e9galement des services de location de logements, de vente de terrains et de gestion immobili\u00e8re, afin de r\u00e9pondre \u00e0 tous vos besoins immobiliers avec expertise et professionnalisme.<\/h2>\t\t\t\t<\/div>\n\t\t\t\t<\/div>\n\t\t\t\t\t<\/div>\n\t\t\t\t<\/div>\n\t\t<div class=\"elementor-element elementor-element-e18b166 e-flex e-con-boxed wpr-particle-no wpr-jarallax-no wpr-parallax-no wpr-sticky-section-no wpr-equal-height-no e-con e-parent\" data-id=\"e18b166\" data-element_type=\"container\" data-e-type=\"container\" data-settings=\"{&quot;shape_divider_bottom&quot;:&quot;opacity-fan&quot;}\">\n\t\t\t\t\t<div class=\"e-con-inner\">\n\t\t\t\t<div class=\"elementor-shape elementor-shape-bottom\" aria-hidden=\"true\" data-negative=\"false\">\n\t\t\t<svg xmlns=\"http:\/\/www.w3.org\/2000\/svg\" viewBox=\"0 0 283.5 19.6\" preserveAspectRatio=\"none\">\n\t<path class=\"elementor-shape-fill\" style=\"opacity:0.33\" d=\"M0 0L0 18.8 141.8 4.1 283.5 18.8 283.5 0z\"\/>\n\t<path class=\"elementor-shape-fill\" style=\"opacity:0.33\" d=\"M0 0L0 12.6 141.8 4 283.5 12.6 283.5 0z\"\/>\n\t<path class=\"elementor-shape-fill\" style=\"opacity:0.33\" d=\"M0 0L0 6.4 141.8 4 283.5 6.4 283.5 0z\"\/>\n\t<path class=\"elementor-shape-fill\" d=\"M0 0L0 1.2 141.8 4 283.5 1.2 283.5 0z\"\/>\n<\/svg>\t\t<\/div>\n\t\t<div class=\"elementor-element elementor-element-4a19cbb e-con-full e-flex wpr-particle-no wpr-jarallax-no wpr-parallax-no wpr-sticky-section-no wpr-equal-height-no e-con e-child\" data-id=\"4a19cbb\" data-element_type=\"container\" data-e-type=\"container\">\n\t\t\t\t<div class=\"elementor-element elementor-element-70dccf2 elementor-align-center elementor-mobile-align-center elementor-widget elementor-widget-button\" data-id=\"70dccf2\" data-element_type=\"widget\" data-e-type=\"widget\" data-widget_type=\"button.default\">\n\t\t\t\t<div class=\"elementor-widget-container\">\n\t\t\t\t\t\t\t\t\t<div class=\"elementor-button-wrapper\">\n\t\t\t\t\t<a class=\"elementor-button elementor-button-link elementor-size-sm elementor-animation-grow\" href=\"https:\/\/groupeprestige-mali.com\/index.php\/maison-a-louer\/\">\n\t\t\t\t\t\t<span class=\"elementor-button-content-wrapper\">\n\t\t\t\t\t\t\t\t\t<span class=\"elementor-button-text\">Maisons \u00e0 louer<\/span>\n\t\t\t\t\t<\/span>\n\t\t\t\t\t<\/a>\n\t\t\t\t<\/div>\n\t\t\t\t\t\t\t\t<\/div>\n\t\t\t\t<\/div>\n\t\t\t\t<\/div>\n\t\t<div class=\"elementor-element elementor-element-707031b e-con-full e-flex wpr-particle-no wpr-jarallax-no wpr-parallax-no wpr-sticky-section-no wpr-equal-height-no e-con e-child\" data-id=\"707031b\" data-element_type=\"container\" data-e-type=\"container\">\n\t\t\t\t<div class=\"elementor-element elementor-element-3abb628 elementor-align-center elementor-mobile-align-center elementor-widget elementor-widget-button\" data-id=\"3abb628\" data-element_type=\"widget\" data-e-type=\"widget\" data-widget_type=\"button.default\">\n\t\t\t\t<div class=\"elementor-widget-container\">\n\t\t\t\t\t\t\t\t\t<div class=\"elementor-button-wrapper\">\n\t\t\t\t\t<a class=\"elementor-button elementor-button-link elementor-size-sm elementor-animation-grow\" href=\"https:\/\/groupeprestige-mali.com\/index.php\/terrain-a-vendre\/\">\n\t\t\t\t\t\t<span class=\"elementor-button-content-wrapper\">\n\t\t\t\t\t\t\t\t\t<span class=\"elementor-button-text\">Terrains \u00e0 vendre<\/span>\n\t\t\t\t\t<\/span>\n\t\t\t\t\t<\/a>\n\t\t\t\t<\/div>\n\t\t\t\t\t\t\t\t<\/div>\n\t\t\t\t<\/div>\n\t\t\t\t<\/div>\n\t\t<div class=\"elementor-element elementor-element-a13ac53 e-con-full e-flex wpr-particle-no wpr-jarallax-no wpr-parallax-no wpr-sticky-section-no wpr-equal-height-no e-con e-child\" data-id=\"a13ac53\" data-element_type=\"container\" data-e-type=\"container\">\n\t\t\t\t<div class=\"elementor-element elementor-element-28b6071 elementor-align-center elementor-mobile-align-center elementor-widget elementor-widget-button\" data-id=\"28b6071\" data-element_type=\"widget\" data-e-type=\"widget\" data-widget_type=\"button.default\">\n\t\t\t\t<div class=\"elementor-widget-container\">\n\t\t\t\t\t\t\t\t\t<div class=\"elementor-button-wrapper\">\n\t\t\t\t\t<a class=\"elementor-button elementor-button-link elementor-size-sm elementor-animation-grow\" href=\"https:\/\/groupeprestige-mali.com\/index.php\/gestion-de-propriete\/\">\n\t\t\t\t\t\t<span class=\"elementor-button-content-wrapper\">\n\t\t\t\t\t\t\t\t\t<span class=\"elementor-button-text\">Gestion Locative<\/span>\n\t\t\t\t\t<\/span>\n\t\t\t\t\t<\/a>\n\t\t\t\t<\/div>\n\t\t\t\t\t\t\t\t<\/div>\n\t\t\t\t<\/div>\n\t\t\t\t<\/div>\n\t\t\t\t\t<\/div>\n\t\t\t\t<\/div>\n\t\t\t\t<\/div>\n\t\t","protected":false},"excerpt":{"rendered":"<p>Notre agence immobili\u00e8re va au-del\u00e0 de la construction de la Cit\u00e9 Prestige. Nous proposons \u00e9galement des services de location de logements, de vente de terrains et de gestion immobili\u00e8re, afin de r\u00e9pondre \u00e0 tous vos besoins immobiliers avec expertise et professionnalisme. Maisons \u00e0 louer Terrains \u00e0 vendre Gestion Locative<\/p>\n","protected":false},"author":2,"featured_media":0,"parent":0,"menu_order":0,"comment_status":"closed","ping_status":"closed","template":"","meta":{"footnotes":""},"class_list":["post-1403","page","type-page","status-publish","hentry"],"blocksy_meta":[],"yoast_head":"<!-- This site is optimized with the Yoast SEO plugin v27.5 - https:\/\/yoast.com\/product\/yoast-seo-wordpress\/ -->\n<title>Autres services - Agence Immobili\u00e8re le Prestige<\/title>\n<meta name=\"robots\" content=\"index, follow, max-snippet:-1, max-image-preview:large, max-video-preview:-1\" \/>\n<link rel=\"canonical\" href=\"https:\/\/groupeprestige-mali.com\/index.php\/autres-services\/\" \/>\n<meta property=\"og:locale\" content=\"fr_FR\" \/>\n<meta property=\"og:type\" content=\"article\" \/>\n<meta property=\"og:title\" content=\"Autres services - Agence Immobili\u00e8re le Prestige\" \/>\n<meta property=\"og:description\" content=\"Notre agence immobili\u00e8re va au-del\u00e0 de la construction de la Cit\u00e9 Prestige. Nous proposons \u00e9galement des services de location de logements, de vente de terrains et de gestion immobili\u00e8re, afin de r\u00e9pondre \u00e0 tous vos besoins immobiliers avec expertise et professionnalisme. Maisons \u00e0 louer Terrains \u00e0 vendre Gestion Locative\" \/>\n<meta property=\"og:url\" content=\"https:\/\/groupeprestige-mali.com\/index.php\/autres-services\/\" \/>\n<meta property=\"og:site_name\" content=\"Agence Immobili\u00e8re le Prestige\" \/>\n<meta property=\"article:modified_time\" content=\"2024-12-16T16:22:21+00:00\" \/>\n<meta name=\"twitter:card\" content=\"summary_large_image\" \/>\n<meta name=\"twitter:label1\" content=\"Dur\u00e9e de lecture estim\u00e9e\" \/>\n\t<meta name=\"twitter:data1\" content=\"1 minute\" \/>\n<script type=\"application\/ld+json\" class=\"yoast-schema-graph\">{\"@context\":\"https:\\\/\\\/schema.org\",\"@graph\":[{\"@type\":\"WebPage\",\"@id\":\"https:\\\/\\\/groupeprestige-mali.com\\\/index.php\\\/autres-services\\\/\",\"url\":\"https:\\\/\\\/groupeprestige-mali.com\\\/index.php\\\/autres-services\\\/\",\"name\":\"Autres services - Agence Immobili\u00e8re le Prestige\",\"isPartOf\":{\"@id\":\"https:\\\/\\\/groupeprestige-mali.com\\\/#website\"},\"datePublished\":\"2024-12-16T15:40:09+00:00\",\"dateModified\":\"2024-12-16T16:22:21+00:00\",\"breadcrumb\":{\"@id\":\"https:\\\/\\\/groupeprestige-mali.com\\\/index.php\\\/autres-services\\\/#breadcrumb\"},\"inLanguage\":\"fr-FR\",\"potentialAction\":[{\"@type\":\"ReadAction\",\"target\":[\"https:\\\/\\\/groupeprestige-mali.com\\\/index.php\\\/autres-services\\\/\"]}]},{\"@type\":\"BreadcrumbList\",\"@id\":\"https:\\\/\\\/groupeprestige-mali.com\\\/index.php\\\/autres-services\\\/#breadcrumb\",\"itemListElement\":[{\"@type\":\"ListItem\",\"position\":1,\"name\":\"Accueil\",\"item\":\"https:\\\/\\\/groupeprestige-mali.com\\\/\"},{\"@type\":\"ListItem\",\"position\":2,\"name\":\"Autres services\"}]},{\"@type\":\"WebSite\",\"@id\":\"https:\\\/\\\/groupeprestige-mali.com\\\/#website\",\"url\":\"https:\\\/\\\/groupeprestige-mali.com\\\/\",\"name\":\"Agence Immobili\u00e8re le Prestige\",\"description\":\"L\u2019immobilier, un investissement s\u00fbr\",\"publisher\":{\"@id\":\"https:\\\/\\\/groupeprestige-mali.com\\\/#organization\"},\"potentialAction\":[{\"@type\":\"SearchAction\",\"target\":{\"@type\":\"EntryPoint\",\"urlTemplate\":\"https:\\\/\\\/groupeprestige-mali.com\\\/?s={search_term_string}\"},\"query-input\":{\"@type\":\"PropertyValueSpecification\",\"valueRequired\":true,\"valueName\":\"search_term_string\"}}],\"inLanguage\":\"fr-FR\"},{\"@type\":\"Organization\",\"@id\":\"https:\\\/\\\/groupeprestige-mali.com\\\/#organization\",\"name\":\"Agence Immobili\u00e8re le Prestige\",\"url\":\"https:\\\/\\\/groupeprestige-mali.com\\\/\",\"logo\":{\"@type\":\"ImageObject\",\"inLanguage\":\"fr-FR\",\"@id\":\"https:\\\/\\\/groupeprestige-mali.com\\\/#\\\/schema\\\/logo\\\/image\\\/\",\"url\":\"https:\\\/\\\/groupeprestige-mali.com\\\/wp-content\\\/uploads\\\/2023\\\/04\\\/AIP.png\",\"contentUrl\":\"https:\\\/\\\/groupeprestige-mali.com\\\/wp-content\\\/uploads\\\/2023\\\/04\\\/AIP.png\",\"width\":327,\"height\":333,\"caption\":\"Agence Immobili\u00e8re le Prestige\"},\"image\":{\"@id\":\"https:\\\/\\\/groupeprestige-mali.com\\\/#\\\/schema\\\/logo\\\/image\\\/\"}}]}<\/script>\n<!-- \/ Yoast SEO plugin. -->","yoast_head_json":{"title":"Autres services - Agence Immobili\u00e8re le Prestige","robots":{"index":"index","follow":"follow","max-snippet":"max-snippet:-1","max-image-preview":"max-image-preview:large","max-video-preview":"max-video-preview:-1"},"canonical":"https:\/\/groupeprestige-mali.com\/index.php\/autres-services\/","og_locale":"fr_FR","og_type":"article","og_title":"Autres services - Agence Immobili\u00e8re le Prestige","og_description":"Notre agence immobili\u00e8re va au-del\u00e0 de la construction de la Cit\u00e9 Prestige. Nous proposons \u00e9galement des services de location de logements, de vente de terrains et de gestion immobili\u00e8re, afin de r\u00e9pondre \u00e0 tous vos besoins immobiliers avec expertise et professionnalisme. Maisons \u00e0 louer Terrains \u00e0 vendre Gestion Locative","og_url":"https:\/\/groupeprestige-mali.com\/index.php\/autres-services\/","og_site_name":"Agence Immobili\u00e8re le Prestige","article_modified_time":"2024-12-16T16:22:21+00:00","twitter_card":"summary_large_image","twitter_misc":{"Dur\u00e9e de lecture estim\u00e9e":"1 minute"},"schema":{"@context":"https:\/\/schema.org","@graph":[{"@type":"WebPage","@id":"https:\/\/groupeprestige-mali.com\/index.php\/autres-services\/","url":"https:\/\/groupeprestige-mali.com\/index.php\/autres-services\/","name":"Autres services - Agence Immobili\u00e8re le Prestige","isPartOf":{"@id":"https:\/\/groupeprestige-mali.com\/#website"},"datePublished":"2024-12-16T15:40:09+00:00","dateModified":"2024-12-16T16:22:21+00:00","breadcrumb":{"@id":"https:\/\/groupeprestige-mali.com\/index.php\/autres-services\/#breadcrumb"},"inLanguage":"fr-FR","potentialAction":[{"@type":"ReadAction","target":["https:\/\/groupeprestige-mali.com\/index.php\/autres-services\/"]}]},{"@type":"BreadcrumbList","@id":"https:\/\/groupeprestige-mali.com\/index.php\/autres-services\/#breadcrumb","itemListElement":[{"@type":"ListItem","position":1,"name":"Accueil","item":"https:\/\/groupeprestige-mali.com\/"},{"@type":"ListItem","position":2,"name":"Autres services"}]},{"@type":"WebSite","@id":"https:\/\/groupeprestige-mali.com\/#website","url":"https:\/\/groupeprestige-mali.com\/","name":"Agence Immobili\u00e8re le Prestige","description":"L\u2019immobilier, un investissement s\u00fbr","publisher":{"@id":"https:\/\/groupeprestige-mali.com\/#organization"},"potentialAction":[{"@type":"SearchAction","target":{"@type":"EntryPoint","urlTemplate":"https:\/\/groupeprestige-mali.com\/?s={search_term_string}"},"query-input":{"@type":"PropertyValueSpecification","valueRequired":true,"valueName":"search_term_string"}}],"inLanguage":"fr-FR"},{"@type":"Organization","@id":"https:\/\/groupeprestige-mali.com\/#organization","name":"Agence Immobili\u00e8re le Prestige","url":"https:\/\/groupeprestige-mali.com\/","logo":{"@type":"ImageObject","inLanguage":"fr-FR","@id":"https:\/\/groupeprestige-mali.com\/#\/schema\/logo\/image\/","url":"https:\/\/groupeprestige-mali.com\/wp-content\/uploads\/2023\/04\/AIP.png","contentUrl":"https:\/\/groupeprestige-mali.com\/wp-content\/uploads\/2023\/04\/AIP.png","width":327,"height":333,"caption":"Agence Immobili\u00e8re le Prestige"},"image":{"@id":"https:\/\/groupeprestige-mali.com\/#\/schema\/logo\/image\/"}}]}},"jetpack_sharing_enabled":true,"_links":{"self":[{"href":"https:\/\/groupeprestige-mali.com\/index.php\/wp-json\/wp\/v2\/pages\/1403","targetHints":{"allow":["GET"]}}],"collection":[{"href":"https:\/\/groupeprestige-mali.com\/index.php\/wp-json\/wp\/v2\/pages"}],"about":[{"href":"https:\/\/groupeprestige-mali.com\/index.php\/wp-json\/wp\/v2\/types\/page"}],"author":[{"embeddable":true,"href":"https:\/\/groupeprestige-mali.com\/index.php\/wp-json\/wp\/v2\/users\/2"}],"replies":[{"embeddable":true,"href":"https:\/\/groupeprestige-mali.com\/index.php\/wp-json\/wp\/v2\/comments?post=1403"}],"version-history":[{"count":7,"href":"https:\/\/groupeprestige-mali.com\/index.php\/wp-json\/wp\/v2\/pages\/1403\/revisions"}],"predecessor-version":[{"id":1414,"href":"https:\/\/groupeprestige-mali.com\/index.php\/wp-json\/wp\/v2\/pages\/1403\/revisions\/1414"}],"wp:attachment":[{"href":"https:\/\/groupeprestige-mali.com\/index.php\/wp-json\/wp\/v2\/media?parent=1403"}],"curies":[{"name":"wp","href":"https:\/\/api.w.org\/{rel}","templated":true}]}}